{"id":118,"date":"2022-10-28T16:32:08","date_gmt":"2022-10-28T08:32:08","guid":{"rendered":"http:\/\/www.lybess.com\/?page_id=118"},"modified":"2023-02-28T17:38:51","modified_gmt":"2023-02-28T09:38:51","slug":"privacy-policy","status":"publish","type":"page","link":"https:\/\/www.lybess.com\/fr\/politique-de-confidentialite\/","title":{"rendered":"Politique de confidentialit\u00e9"},"content":{"rendered":"<p>La confidentialit\u00e9 et la s\u00e9curit\u00e9 de vos informations sont tr\u00e8s importantes pour nous.<br \/>\nVeuillez consulter la politique de confidentialit\u00e9 compl\u00e8te ci-dessous pour en savoir plus.<\/p>\n<ol>\n<li>Introduction<\/li>\n<\/ol>\n<p>Cette politique de confidentialit\u00e9 explique comment notre soci\u00e9t\u00e9 et ses soci\u00e9t\u00e9s affili\u00e9es collectent et utilisent vos informations. Notre politique de confidentialit\u00e9 s&#039;applique \u00e0 toutes les personnes qui visitent et utilisent notre site Web, notre soci\u00e9t\u00e9 et nos services en ligne, ainsi que les sites Web et les services en ligne fournis par nos membres (collectivement appel\u00e9s \u00ab\u00a0sites\u00a0\u00bb). Les soci\u00e9t\u00e9s affili\u00e9es sont des entit\u00e9s d\u00e9tenues directement ou indirectement par notre soci\u00e9t\u00e9, ou des entit\u00e9s contr\u00f4l\u00e9es ou contr\u00f4l\u00e9es conjointement par notre soci\u00e9t\u00e9. Les r\u00e9f\u00e9rences \u00e0 \u00ab basic health \u00bb, \u00ab us \u00bb, \u00ab our \u00bb ou \u00ab our \u00bb dans cette politique de confidentialit\u00e9 font r\u00e9f\u00e9rence \u00e0 l&#039;entit\u00e9 responsable de la collecte et de l&#039;utilisation de vos donn\u00e9es personnelles, g\u00e9n\u00e9ralement l&#039;entit\u00e9 qui obtient vos donn\u00e9es personnelles dans chaque cas ci-dessous. Cette entit\u00e9 est \u00e9galement appel\u00e9e le responsable du traitement. Cette politique de confidentialit\u00e9 ne couvre pas les sites Web et les services en ligne exploit\u00e9s par notre soci\u00e9t\u00e9 ou nos soci\u00e9t\u00e9s affili\u00e9es. Ces sites Web et services en ligne ont des politiques de confidentialit\u00e9 distinctes et ne sont pas li\u00e9s \u00e0 cette politique de confidentialit\u00e9 ou fusionn\u00e9s par r\u00e9f\u00e9rence. Diff\u00e9rentes politiques de confidentialit\u00e9 peuvent \u00e9galement s&#039;appliquer \u00e0 d&#039;autres parties de notre site Web, telles que les zones prot\u00e9g\u00e9es par mot de passe ou les pages Web utilis\u00e9es pour le recrutement en ligne. Notre politique de confidentialit\u00e9 s&#039;applique uniquement aux activit\u00e9s que nous menons sur ce site Web et ne s&#039;applique pas aux activit\u00e9s \u00ab hors ligne \u00bb ou sans rapport avec ce site Web. Cette politique de confidentialit\u00e9 a \u00e9t\u00e9 int\u00e9gr\u00e9e \u00e0 nos termes et conditions, et il en va de m\u00eame lorsque vous utilisez notre site Web. En utilisant ce site Web et en fournissant vos donn\u00e9es personnelles et d&#039;autres informations via ce site Web, vous reconnaissez que vos donn\u00e9es personnelles seront trait\u00e9es conform\u00e9ment aux termes de cette politique de confidentialit\u00e9. Si vous n&#039;\u00eates pas d&#039;accord avec les pratiques d\u00e9crites dans cette politique de confidentialit\u00e9, veuillez ne pas nous fournir vos donn\u00e9es personnelles ou interagir avec le site Web d&#039;une autre mani\u00e8re. Nous nous r\u00e9servons le droit de modifier cette politique de confidentialit\u00e9 \u00e0 tout moment. Si nous apportons des modifications majeures \u00e0 notre politique de confidentialit\u00e9, nous vous en informerons sur ce site Web avant que les modifications ne prennent effet. Vous pouvez d\u00e9terminer la derni\u00e8re date de r\u00e9vision de cette politique de confidentialit\u00e9 en vous r\u00e9f\u00e9rant \u00e0 la date de \u00ab\u00a0derni\u00e8re mise \u00e0 jour\u00a0\u00bb ci-dessus. Vous pouvez consulter la derni\u00e8re version de cette politique de confidentialit\u00e9. Nous vous recommandons de v\u00e9rifier r\u00e9guli\u00e8rement la politique de confidentialit\u00e9 pour tout changement.<\/p>\n<p>&nbsp;<\/p>\n<ol start=\"2\">\n<li>Quelles donn\u00e9es personnelles collectons-nous \u00e0 votre sujet ?<\/li>\n<\/ol>\n<p>Les donn\u00e9es personnelles utilis\u00e9es dans cette politique de confidentialit\u00e9 font r\u00e9f\u00e9rence \u00e0 toute information relative \u00e0 une personne identifi\u00e9e ou identifiable, ou telle que d\u00e9finie par les lois applicables. Lorsque vous visitez notre site Web et que vous interagissez volontairement avec celui-ci, nous collectons les donn\u00e9es personnelles suivantes\u00a0:<br \/>\nVotre nom et pr\u00e9nom ;<br \/>\nNom de l&#039;entreprise;<br \/>\nAdresse de protocole Internet (IP)\u00a0;<br \/>\nCoordonn\u00e9es (par exemple, num\u00e9ro de t\u00e9l\u00e9phone, adresse e-mail)\u00a0;<br \/>\nou, Autres informations que vous fournissez volontairement.<\/p>\n<p>&nbsp;<\/p>\n<ol start=\"3\">\n<li>Quand collectons-nous des donn\u00e9es personnelles vous concernant ?<\/li>\n<\/ol>\n<p>\u00c0 moins que vous ne choisissiez volontairement de divulguer ces informations, notre soci\u00e9t\u00e9 ne collectera aucune donn\u00e9e personnelle vous concernant via ce site Web. Nous pouvons vous demander de fournir certaines donn\u00e9es personnelles \u00e0 diff\u00e9rents moments et endroits sur le site Web. Dans certains cas, si vous choisissez de ne pas nous fournir les donn\u00e9es personnelles demand\u00e9es, vous ne pourrez peut-\u00eatre pas acc\u00e9der \u00e0 tout le contenu de ce site Web ou participer \u00e0 toutes ses fonctions. Par exemple, nous pouvons collecter des donn\u00e9es personnelles aupr\u00e8s de vous lorsque vous effectuez les actions suivantes\u00a0:<br \/>\nAcheter des produits de notre soci\u00e9t\u00e9 via notre site Web\u00a0;<br \/>\nOuvrez ou r\u00e9pondez \u00e0 notre e-mail\u00a0;<br \/>\nLorsque vous nous fournissez volontairement des informations par le biais d&#039;enqu\u00eates aupr\u00e8s des clients, nous pouvons les relier aux donn\u00e9es personnelles que nous avons pr\u00e9c\u00e9demment collect\u00e9es \u00e0 votre sujet ;<br \/>\nContactez le service client, utilisez notre fonction \u00ab\u00a0connecter\u00a0\u00bb pour parler aux repr\u00e9sentants de notre soci\u00e9t\u00e9 ou utilisez nos outils de support client\u00a0;<br \/>\nConnectez, liez ou \u00abpartagez\u00bb notre site Web via des sites de r\u00e9seaux sociaux;<br \/>\nSi vous nous fournissez des donn\u00e9es personnelles d&#039;un tiers, cela signifie que vous avez fourni au tiers un avis et que vous avez \u00e9t\u00e9 autoris\u00e9 par le tiers \u00e0 fournir ces informations.<\/p>\n<p>&nbsp;<\/p>\n<ol start=\"4\">\n<li>Comment utilisons-nous les donn\u00e9es personnelles ?<\/li>\n<\/ol>\n<p>Notre soci\u00e9t\u00e9 utilise les donn\u00e9es personnelles que nous collectons pour vous fournir des services ou conclure un accord contractuel avec vous lorsque vous visitez notre site Web. Ceci comprend:<br \/>\nCr\u00e9er un compte de site Web en ligne pour vous selon vos besoins;<br \/>\nFournir un service client (par exemple, r\u00e9pondre \u00e0 vos questions ou r\u00e9pondre aux demandes)\u00a0;<br \/>\nVous envoyer des rappels, des mises \u00e0 jour, une assistance, des messages de gestion, des annonces de service et les informations demand\u00e9es\u00a0;<br \/>\nNous utiliserons les donn\u00e9es personnelles recherch\u00e9es par un tiers ou par nous pour des raisons commerciales l\u00e9gitimes, tant que les donn\u00e9es sont compatibles avec vos droits et vos attentes en mati\u00e8re de confidentialit\u00e9. Ceci comprend:<br \/>\nExploiter, maintenir et am\u00e9liorer ce site Web, nos services et nos produits\u00a0;<br \/>\nEffectuer des analyses et effectuer des recherches sur les clients\u00a0;<br \/>\nV\u00e9rifier votre capacit\u00e9 \u00e0 acc\u00e9der ou \u00e0 utiliser certains produits ou services qui ne sont disponibles que pour les personnes qui r\u00e9pondent \u00e0 certaines exigences ou normes de qualification, telles que les professionnels de la sant\u00e9\u00a0;<br \/>\nVous permettre d&#039;interagir avec certains fournisseurs de services de contenu tiers (par exemple, pour vous permettre de cr\u00e9er un lien vers ou d&#039;afficher le contenu de sites Web tiers sur ce site Web, ou d&#039;afficher notre contenu sur des sites Web tiers) ;<br \/>\nVous permettre de choisir de participer aux fonctionnalit\u00e9s interactives de notre site Web\u00a0;<br \/>\nG\u00e9rer des sondages en ligne ou des offres sp\u00e9ciales fournies par nous ou par l&#039;interm\u00e9diaire de nos partenaires commerciaux tiers\u00a0;<br \/>\nAm\u00e9liorer notre site Web, notre service client, nos produits et services, ainsi que l&#039;exp\u00e9rience utilisateur globale\u00a0;<br \/>\nAm\u00e9liorer d&#039;autres informations que nous avons sur vous pour nous aider \u00e0 mieux vous comprendre et \u00e0 d\u00e9terminer vos int\u00e9r\u00eats\u00a0;<br \/>\nD\u00e9terminer vos pr\u00e9f\u00e9rences afin que nous puissions vous informer des nouveaux produits ou autres produits, services et promotions susceptibles de vous int\u00e9resser\u00a0;<br \/>\nNotre soci\u00e9t\u00e9 dispose \u00e9galement d&#039;une base l\u00e9gale pour l&#039;utilisation de vos donn\u00e9es personnelles :<br \/>\nPour pr\u00e9venir la fraude, la s\u00e9curit\u00e9 publique et pour faire respecter les obligations de d\u00e9claration et les conditions g\u00e9n\u00e9rales de notre entreprise, et nous conformer aux lois, r\u00e9glementations, ordonnances judiciaires, assignations \u00e0 compara\u00eetre ou autres proc\u00e9dures l\u00e9gales.<br \/>\nLorsque la loi l&#039;exige, nous pouvons \u00e9galement utiliser les informations collect\u00e9es conform\u00e9ment \u00e0 la pr\u00e9sente politique de confidentialit\u00e9 avec votre consentement &quot;opt-in&quot; pour vous fournir des biens ou des services qui, selon nous, pourraient vous int\u00e9resser.<\/p>\n<p>&nbsp;<\/p>\n<ol start=\"5\">\n<li>Comment traiter les donn\u00e9es personnelles sensibles ?<\/li>\n<\/ol>\n<p>Les donn\u00e9es personnelles sensibles utilis\u00e9es dans la politique de confidentialit\u00e9 (\u00e9galement appel\u00e9es \u00ab\u00a0cat\u00e9gories sp\u00e9ciales de donn\u00e9es personnelles\u00a0\u00bb) font r\u00e9f\u00e9rence aux donn\u00e9es relatives \u00e0 votre race ou origine ethnique, opinions politiques, religion ou autres croyances, sant\u00e9, caract\u00e9ristiques g\u00e9n\u00e9tiques ou biologiques, vie sexuelle, ou la sexualit\u00e9. Informations sur l&#039;orientation, les ant\u00e9c\u00e9dents criminels ou l&#039;appartenance \u00e0 un syndicat. Notre soci\u00e9t\u00e9 ne collecte des donn\u00e9es personnelles sensibles que dans les circonstances limit\u00e9es suivantes\u00a0:<br \/>\nAvec votre consentement explicite\u00a0;<br \/>\nProt\u00e9ger vos int\u00e9r\u00eats vitaux ou ceux d&#039;autrui si vous ne pouvez pas vous mettre d&#039;accord physiquement ou l\u00e9galement\u00a0;<br \/>\nSi un traitement est n\u00e9cessaire \u00e0 des fins de m\u00e9decine pr\u00e9ventive ou professionnelle, fournir des soins ou des traitements de sant\u00e9 ou sociaux ou g\u00e9rer des syst\u00e8mes et des services de sant\u00e9 ou de protection sociale conform\u00e9ment aux lois de l&#039;Union ou des \u00c9tats membres ou conform\u00e9ment aux contrats avec les professionnels de la sant\u00e9\u00a0; ou utilis\u00e9 pour \u00e9tablir, exercer ou d\u00e9fendre des r\u00e9clamations l\u00e9gales, ou dans la mesure permise et requise par les lois applicables.<br \/>\nSauf disposition contraire des lois applicables, vous n&#039;avez pas besoin de nous fournir de donn\u00e9es personnelles sensibles lorsque vous utilisez notre site Web. Si vous choisissez de ne pas le faire, votre d\u00e9cision ne vous emp\u00eachera pas d&#039;utiliser notre site Web.<\/p>\n<p>&nbsp;<\/p>\n<ol start=\"6\">\n<li>Quelles autres informations collectons-nous ?<\/li>\n<\/ol>\n<p>Comme de nombreux autres sites Web, lorsque vous naviguez et interagissez avec notre site Web, nous pouvons utiliser la technologie de collecte automatique pour collecter certaines informations sur votre appareil, vos op\u00e9rations de navigation et vos habitudes, notamment\u00a0:<br \/>\nLes d\u00e9tails de votre visite sur notre site Web, y compris les ressources que vous visitez et utilisez sur notre site Web, les donn\u00e9es de trafic, les donn\u00e9es de localisation, les journaux, la langue\u00a0;<br \/>\nDate et heure d&#039;acc\u00e8s, fr\u00e9quence et autres donn\u00e9es de communication\u00a0;<br \/>\nInformations sur l&#039;ordinateur et la connexion Internet, y compris le syst\u00e8me d&#039;exploitation, le domaine h\u00f4te et le type de navigateur (tel qu&#039;Internet Explorer)\u00a0; ou<br \/>\nD\u00e9tails du site Web recommand\u00e9 (URL).<br \/>\nLes informations que nous collectons automatiquement sont des donn\u00e9es statistiques qui peuvent nous aider \u00e0 am\u00e9liorer notre site Web et \u00e0 fournir des services de meilleure qualit\u00e9 et plus personnalis\u00e9s, notamment en nous permettant de\u00a0:<br \/>\nD\u00e9terminer les mod\u00e8les de trafic du site\u00a0Web\u00a0;<br \/>\nComptez le nombre de visites du site\u00a0;<br \/>\nIdentifier la source du trafic afin que nous puissions mesurer et am\u00e9liorer les performances du site Web\u00a0;<br \/>\nPartager ou vendre ces informations \u00e0 des tiers\u00a0;<br \/>\nAidez-nous \u00e0 comprendre quelles pages et quels contenus sont les plus populaires et les moins populaires\u00a0; et<br \/>\nD\u00e9terminer la fr\u00e9quence et la derni\u00e8re date de votre visite sur notre site Web.<\/p>\n<p>&nbsp;<\/p>\n<ol start=\"7\">\n<li>Cookies et autres technologies<\/li>\n<\/ol>\n<p>Lorsque vous visitez notre site Web ou interagissez avec nos e-mails, nous utilisons des cookies, des balises Web\/pixels et d&#039;autres technologies (collectivement appel\u00e9s \u00ab\u00a0cookies\u00a0\u00bb) pour vous identifier. Les \u00ab\u00a0cookies\u00a0\u00bb sont de petites quantit\u00e9s de donn\u00e9es mises en cache ou stock\u00e9es sur un ordinateur bas\u00e9 sur l&#039;activit\u00e9 Internet. Ces cookies peuvent \u00eatre transmis dans le cadre d&#039;une premi\u00e8re partie ou d&#039;un tiers. Par exemple, nous pouvons collecter des informations sur le type et la version de votre navigateur, le syst\u00e8me d&#039;exploitation, la langue de l&#039;utilisateur, le FAI, les pages Web consult\u00e9es, les liens cliqu\u00e9s, l&#039;adresse IP, l&#039;existence ou non d&#039;un plug-in &quot;Flash&quot;, la r\u00e9solution de l&#039;\u00e9cran et les informations de connexion. Types, sites Web visit\u00e9s avant et apr\u00e8s la visite de notre site Web, informations d\u00e9taill\u00e9es sur les biens achet\u00e9s et e-mails que vous envoyez, transf\u00e9rez ou cliquez pour acc\u00e9der \u00e0 notre site Web. En collectant ces informations, nous pouvons mieux comprendre comment vous interagissez avec notre site Web ; vous offrir une exp\u00e9rience en ligne plus personnalis\u00e9e et optimis\u00e9e en suivant vos pr\u00e9f\u00e9rences\u00a0; am\u00e9liorer notre site Web; ex\u00e9cuter des contrats avec nos partenaires commerciaux\u00a0; help Confirmez la r\u00e9ception et r\u00e9pondez \u00e0 notre e-mail\u00a0; et fournir un service client plus efficace. Pour plus d&#039;informations sur les cookies que nous collectons et sur la mani\u00e8re de les d\u00e9sactiver, veuillez consulter notre Politique relative aux cookies et la section 9 ci-dessous. Plugins de m\u00e9dias sociaux. Notre site Web utilise des plug-ins sociaux (&quot;plug-ins&quot;) des r\u00e9seaux sociaux Facebook, Twitter et LinkedIn. Ces plugins sont signal\u00e9s par les logos respectifs des r\u00e9seaux sociaux. Lors de votre visite sur le site, votre navigateur \u00e9tablira une connexion directe avec les serveurs de ces r\u00e9seaux sociaux. Le r\u00e9seau social transf\u00e8re le contenu du plug-in directement \u00e0 votre navigateur et l&#039;int\u00e8gre ensuite dans le site Web. L&#039;int\u00e9gration de plug-ins permet aux r\u00e9seaux sociaux de recevoir les informations que vous avez charg\u00e9es sur les pages correspondantes du site. Par exemple, si vous vous connectez avec Facebook, il pourra attribuer votre visite \u00e0 votre compte. Lorsque vous visitez notre site Web, que vous interagissiez ou non avec le plug-in, vous avez d\u00e9j\u00e0 \u00e9chang\u00e9 ces informations. Si vous interagissez avec le plug-in, les informations correspondantes seront directement envoy\u00e9es \u00e0 Facebook via votre navigateur et y seront enregistr\u00e9es. Vous pouvez trouver des informations sur la fa\u00e7on dont les r\u00e9seaux sociaux utilisent les donn\u00e9es, ainsi que vos droits et param\u00e8tres facultatifs sur les sites de r\u00e9seaux sociaux pour prot\u00e9ger votre vie priv\u00e9e. Si vous ne souhaitez pas que les r\u00e9seaux sociaux collectent des donn\u00e9es vous concernant via notre site Web, vous devez vous connecter au domaine du r\u00e9seau social avant de visiter le site Web. Afin d&#039;emp\u00eacher l&#039;\u00e9change d&#039;informations avec les r\u00e9seaux sociaux lors de votre visite sur notre site Web, vous pouvez d\u00e9sactiver les cookies via les param\u00e8tres de votre navigateur et d&#039;autres outils.<\/p>\n<p>&nbsp;<\/p>\n<ol start=\"8\">\n<li>Comment partageons-nous les informations ?<\/li>\n<\/ol>\n<p>Notre soci\u00e9t\u00e9 s&#039;engage \u00e0 pr\u00e9server la confidentialit\u00e9 de vos donn\u00e9es personnelles. Sauf dans les cas pr\u00e9vus dans la pr\u00e9sente politique de confidentialit\u00e9, nous ne vendrons, n&#039;\u00e9changerons ni ne louerons vos donn\u00e9es personnelles collect\u00e9es sur le site Web \u00e0 des tiers. Nous pouvons partager vos donn\u00e9es personnelles conform\u00e9ment aux exigences l\u00e9gales ou autorisations suivantes\u00a0:<br \/>\nDans le processus commercial quotidien, toute soci\u00e9t\u00e9 affili\u00e9e \u00e0 Anhui LEAD-WIN New Energy Technology Co., Ltd. ne peut utiliser vos donn\u00e9es personnelles qu&#039;aux fins d\u00e9crites dans la pr\u00e9sente politique de confidentialit\u00e9 (par exemple, pour r\u00e9pondre \u00e0 vos questions sur nos produits et services) ;<br \/>\nAvec les sous-traitants, vendeurs et fournisseurs qui nous fournissent des services en notre nom, tels que le traitement et l&#039;ex\u00e9cution des commandes\u00a0; analyse et stockage de donn\u00e9es\u00a0; aider au marketing direct et \u00e0 la distribution d&#039;e-mails et d&#039;autres communications\u00a0; services de pr\u00e9vention de la fraude; livraison et logistique; et remplir d&#039;autres objectifs de la collecte ci-dessus\u00a0;<br \/>\nSi nous ou l&#039;une de nos soci\u00e9t\u00e9s affili\u00e9es d\u00e9posons le bilan ou le transfert de propri\u00e9t\u00e9 (ou d&#039;actifs) li\u00e9 \u00e0 la r\u00e9organisation propos\u00e9e ou compl\u00e8te de l&#039;une de nos soci\u00e9t\u00e9s affili\u00e9es, telle que des fusions, acquisitions ou ventes r\u00e9elles ou potentielles d&#039;unit\u00e9s commerciales\u00a0;<br \/>\nSe conformer aux ordres juridiques et aux exigences gouvernementales, ou soutenir les fonctions d&#039;audit, de conformit\u00e9 et de gouvernance d&#039;entreprise au besoin\u00a0;<br \/>\nPour lutter contre la fraude ou les activit\u00e9s criminelles et pour prot\u00e9ger nos droits ou ceux de nos soci\u00e9t\u00e9s affili\u00e9es, utilisateurs et partenaires commerciaux, ou dans le cadre de proc\u00e9dures l\u00e9gales affectant notre soci\u00e9t\u00e9, y compris l&#039;application de nos conditions g\u00e9n\u00e9rales.<\/p>","protected":false},"excerpt":{"rendered":"La confidentialit\u00e9 et la s\u00e9curit\u00e9 de vos informations sont tr\u00e8s importantes pour nous. Veuillez consulter la politique de confidentialit\u00e9 compl\u00e8te ci-dessous pour le...","protected":false},"author":1,"featured_media":0,"parent":0,"menu_order":0,"comment_status":"closed","ping_status":"closed","template":"page\/privacy.php","meta":[],"yoast_head":"<!-- This site is optimized with the Yoast SEO plugin v19.13 - https:\/\/yoast.com\/wordpress\/plugins\/seo\/ -->\n<title>Privacy Policy - LYBESS<\/title>\n<meta name=\"robots\" content=\"index, follow, max-snippet:-1, max-image-preview:large, max-video-preview:-1\" \/>\n<link rel=\"canonical\" href=\"https:\/\/www.lybess.com\/fr\/\u9690\u79c1\u653f\u7b56\/\" \/>\n<meta property=\"og:locale\" content=\"fr_FR\" \/>\n<meta property=\"og:type\" content=\"article\" \/>\n<meta property=\"og:title\" content=\"Privacy Policy - LYBESS\" \/>\n<meta property=\"og:description\" content=\"The privacy and security of your information is very important to us. Please view the full privacy policy below to learn more. Introduction This privacy policy explains how our company and its affiliates collect and use your information. Our privacy policy applies to all people who visit and use our website, our company and online [&hellip;]\" \/>\n<meta property=\"og:url\" content=\"https:\/\/www.lybess.com\/fr\/\u9690\u79c1\u653f\u7b56\/\" \/>\n<meta property=\"og:site_name\" content=\"LYBESS\" \/>\n<meta property=\"article:modified_time\" content=\"2023-02-28T09:38:51+00:00\" \/>\n<meta name=\"twitter:card\" content=\"summary_large_image\" \/>\n<script type=\"application\/ld+json\" class=\"yoast-schema-graph\">{\"@context\":\"https:\/\/schema.org\",\"@graph\":[{\"@type\":\"WebPage\",\"@id\":\"https:\/\/www.lybess.com\/zh\/%e9%9a%90%e7%a7%81%e6%94%bf%e7%ad%96\/\",\"url\":\"https:\/\/www.lybess.com\/zh\/%e9%9a%90%e7%a7%81%e6%94%bf%e7%ad%96\/\",\"name\":\"Privacy Policy - LYBESS\",\"isPartOf\":{\"@id\":\"https:\/\/www.lybess.com\/#website\"},\"datePublished\":\"2022-10-28T08:32:08+00:00\",\"dateModified\":\"2023-02-28T09:38:51+00:00\",\"breadcrumb\":{\"@id\":\"https:\/\/www.lybess.com\/zh\/%e9%9a%90%e7%a7%81%e6%94%bf%e7%ad%96\/#breadcrumb\"},\"inLanguage\":\"fr-FR\",\"potentialAction\":[{\"@type\":\"ReadAction\",\"target\":[\"https:\/\/www.lybess.com\/zh\/%e9%9a%90%e7%a7%81%e6%94%bf%e7%ad%96\/\"]}]},{\"@type\":\"BreadcrumbList\",\"@id\":\"https:\/\/www.lybess.com\/zh\/%e9%9a%90%e7%a7%81%e6%94%bf%e7%ad%96\/#breadcrumb\",\"itemListElement\":[{\"@type\":\"ListItem\",\"position\":1,\"name\":\"\u9996\u9875\",\"item\":\"https:\/\/www.lybess.com\/\"},{\"@type\":\"ListItem\",\"position\":2,\"name\":\"Privacy Policy\"}]},{\"@type\":\"WebSite\",\"@id\":\"https:\/\/www.lybess.com\/#website\",\"url\":\"https:\/\/www.lybess.com\/\",\"name\":\"LYBESS\",\"description\":\"Anhui LEAD-WIN New Energy Technology Co., Ltd.\",\"potentialAction\":[{\"@type\":\"SearchAction\",\"target\":{\"@type\":\"EntryPoint\",\"urlTemplate\":\"https:\/\/www.lybess.com\/?s={search_term_string}\"},\"query-input\":\"required name=search_term_string\"}],\"inLanguage\":\"fr-FR\"}]}<\/script>\n<!-- \/ Yoast SEO plugin. -->","yoast_head_json":{"title":"Privacy Policy - LYBESS","robots":{"index":"index","follow":"follow","max-snippet":"max-snippet:-1","max-image-preview":"max-image-preview:large","max-video-preview":"max-video-preview:-1"},"canonical":"https:\/\/www.lybess.com\/fr\/\u9690\u79c1\u653f\u7b56\/","og_locale":"fr_FR","og_type":"article","og_title":"Privacy Policy - LYBESS","og_description":"The privacy and security of your information is very important to us. Please view the full privacy policy below to learn more. Introduction This privacy policy explains how our company and its affiliates collect and use your information. Our privacy policy applies to all people who visit and use our website, our company and online [&hellip;]","og_url":"https:\/\/www.lybess.com\/fr\/\u9690\u79c1\u653f\u7b56\/","og_site_name":"LYBESS","article_modified_time":"2023-02-28T09:38:51+00:00","twitter_card":"summary_large_image","schema":{"@context":"https:\/\/schema.org","@graph":[{"@type":"WebPage","@id":"https:\/\/www.lybess.com\/zh\/%e9%9a%90%e7%a7%81%e6%94%bf%e7%ad%96\/","url":"https:\/\/www.lybess.com\/zh\/%e9%9a%90%e7%a7%81%e6%94%bf%e7%ad%96\/","name":"Privacy Policy - LYBESS","isPartOf":{"@id":"https:\/\/www.lybess.com\/#website"},"datePublished":"2022-10-28T08:32:08+00:00","dateModified":"2023-02-28T09:38:51+00:00","breadcrumb":{"@id":"https:\/\/www.lybess.com\/zh\/%e9%9a%90%e7%a7%81%e6%94%bf%e7%ad%96\/#breadcrumb"},"inLanguage":"fr-FR","potentialAction":[{"@type":"ReadAction","target":["https:\/\/www.lybess.com\/zh\/%e9%9a%90%e7%a7%81%e6%94%bf%e7%ad%96\/"]}]},{"@type":"BreadcrumbList","@id":"https:\/\/www.lybess.com\/zh\/%e9%9a%90%e7%a7%81%e6%94%bf%e7%ad%96\/#breadcrumb","itemListElement":[{"@type":"ListItem","position":1,"name":"\u9996\u9875","item":"https:\/\/www.lybess.com\/"},{"@type":"ListItem","position":2,"name":"Privacy Policy"}]},{"@type":"WebSite","@id":"https:\/\/www.lybess.com\/#website","url":"https:\/\/www.lybess.com\/","name":"LYBESS","description":"Anhui LEAD-WIN New Energy Technology Co., Ltd.","potentialAction":[{"@type":"SearchAction","target":{"@type":"EntryPoint","urlTemplate":"https:\/\/www.lybess.com\/?s={search_term_string}"},"query-input":"required name=search_term_string"}],"inLanguage":"fr-FR"}]}},"_links":{"self":[{"href":"https:\/\/www.lybess.com\/fr\/wp-json\/wp\/v2\/pages\/118"}],"collection":[{"href":"https:\/\/www.lybess.com\/fr\/wp-json\/wp\/v2\/pages"}],"about":[{"href":"https:\/\/www.lybess.com\/fr\/wp-json\/wp\/v2\/types\/page"}],"author":[{"embeddable":true,"href":"https:\/\/www.lybess.com\/fr\/wp-json\/wp\/v2\/users\/1"}],"replies":[{"embeddable":true,"href":"https:\/\/www.lybess.com\/fr\/wp-json\/wp\/v2\/comments?post=118"}],"version-history":[{"count":4,"href":"https:\/\/www.lybess.com\/fr\/wp-json\/wp\/v2\/pages\/118\/revisions"}],"predecessor-version":[{"id":1066,"href":"https:\/\/www.lybess.com\/fr\/wp-json\/wp\/v2\/pages\/118\/revisions\/1066"}],"wp:attachment":[{"href":"https:\/\/www.lybess.com\/fr\/wp-json\/wp\/v2\/media?parent=118"}],"curies":[{"name":"wp","href":"https:\/\/api.w.org\/{rel}","templated":true}]}}